{"id":5663,"date":"2024-03-01T15:31:26","date_gmt":"2024-03-01T12:31:26","guid":{"rendered":"https:\/\/drumuterdogan.com\/fettinjektion-im-gesicht\/"},"modified":"2024-03-01T15:43:05","modified_gmt":"2024-03-01T12:43:05","slug":"fettinjektion-im-gesicht","status":"publish","type":"page","link":"https:\/\/drumuterdogan.com\/de\/fettinjektion-im-gesicht\/","title":{"rendered":"Fettinjektion im Gesicht"},"content":{"rendered":"\t\t<div data-elementor-type=\"wp-page\" data-elementor-id=\"5663\" class=\"elementor elementor-5663 elementor-5647\" data-elementor-post-type=\"page\">\n\t\t\t\t\t\t<section class=\"elementor-section elementor-top-section elementor-element elementor-element-42eee72d elementor-section-height-min-height elementor-section-items-bottom elementor-section-boxed elementor-section-height-default\" data-id=\"42eee72d\" data-element_type=\"section\" data-e-type=\"section\" data-settings=\"{&quot;background_background&quot;:&quot;classic&quot;}\">\n\t\t\t\t\t\t\t<div class=\"elementor-background-overlay\"><\/div>\n\t\t\t\t\t\t\t<div class=\"elementor-container elementor-column-gap-default\">\n\t\t\t\t\t<div class=\"elementor-column elementor-col-100 elementor-top-column elementor-element elementor-element-1bc9cb96\" data-id=\"1bc9cb96\" data-element_type=\"column\" data-e-type=\"column\">\n\t\t\t<div class=\"elementor-widget-wrap elementor-element-populated\">\n\t\t\t\t\t\t<div class=\"elementor-element elementor-element-7690690 de_scroll_animation_no elementor-widget elementor-widget-page-title\" data-id=\"7690690\" data-element_type=\"widget\" data-e-type=\"widget\" data-settings=\"{&quot;align&quot;:&quot;left&quot;}\" data-widget_type=\"page-title.default\">\n\t\t\t\t<div class=\"elementor-widget-container\">\n\t\t\t\t\t\t\t\n\t\t<div class=\"hfe-page-title hfe-page-title-wrapper elementor-widget-heading\">\n\n\t\t\t\t\t\t\t\t<h1 class=\"elementor-heading-title elementor-size-default\">\n\t\t\t\t\t\t\t\t\n\t\t\t\tFettinjektion im Gesicht  \n\t\t\t<\/h1 > \n\t\t\t\t\t<\/div>\n\t\t\t\t\t\t<\/div>\n\t\t\t\t<\/div>\n\t\t\t\t\t<\/div>\n\t\t<\/div>\n\t\t\t\t\t<\/div>\n\t\t<\/section>\n\t\t<div class=\"elementor-element elementor-element-3c16abe9 e-flex e-con-boxed e-con e-parent\" data-id=\"3c16abe9\" data-element_type=\"container\" data-e-type=\"container\">\n\t\t\t\t\t<div class=\"e-con-inner\">\n\t\t<div class=\"elementor-element elementor-element-5dce9844 e-con-full e-flex e-con e-child\" data-id=\"5dce9844\" data-element_type=\"container\" data-e-type=\"container\">\n\t\t\t\t<div class=\"elementor-element elementor-element-365469ba de_scroll_animation_no elementor-widget elementor-widget-text-editor\" data-id=\"365469ba\" data-element_type=\"widget\" data-e-type=\"widget\" data-widget_type=\"text-editor.default\">\n\t\t\t\t<div class=\"elementor-widget-container\">\n\t\t\t\t\t\t\t\t\t<h2>Bei wem wird die Gesichtsfettunterspritzung angewendet?<\/h2>\n<p>Die Unterspritzung von Gesichtsfett eignet sich f\u00fcr Menschen, die ihr Gesichtsvolumen vergr\u00f6\u00dfern, Falten gl\u00e4tten oder die Gesichtskonturen auf nat\u00fcrliche Weise verbessern m\u00f6chten. In der Regel kommen Menschen in Frage, die einen nat\u00fcrlicheren Ansatz als synthetische F\u00fcllstoffe oder Implantate bevorzugen, \u00fcber ausreichende Fettdepots f\u00fcr die Entnahme verf\u00fcgen und sich in einem guten Gesundheitszustand befinden. Dieses Verfahren ist auch eine Option f\u00fcr diejenigen, die ihr Gesichtsaussehen verj\u00fcngen m\u00f6chten, indem sie altersbedingte Volumenverluste wiederherstellen oder Asymmetrien korrigieren. Es ist jedoch wichtig, dass potenzielle Kandidaten realistische Erwartungen an das Ergebnis haben und sich von einem qualifizierten plastischen Chirurgen beraten lassen, um festzustellen, ob sie f\u00fcr diese Behandlung geeignet sind.<\/p>\n<h2>Wie wird die Gesichtsfettunterspritzung angewendet?<\/h2>\n<p>Die Gesichtsfettunterspritzung, auch bekannt als Gesichtsfetttransplantation, ist ein kosmetisches Verfahren, das in mehreren Schritten durchgef\u00fchrt wird. Zun\u00e4chst wird dem Patienten durch Fettabsaugung Fett entnommen, in der Regel aus Bereichen mit Fett\u00fcberschuss wie dem Bauch oder den Oberschenkeln. Dieses entnommene Fett wird dann gereinigt, um lebensf\u00e4hige Fettzellen zu isolieren. Im letzten Schritt werden diese gereinigten Fettzellen mit feinen Nadeln vorsichtig in bestimmte Bereiche des Gesichts injiziert. Ziel der Unterspritzung mit Gesichtsfett ist es, das Volumen zu erh\u00f6hen, Falten zu gl\u00e4tten und die Gesichtskonturen zu verbessern, um ein jugendlicheres und ausgeglicheneres Aussehen zu erzielen. Das Verfahren ist minimalinvasiv, wird in der Regel unter \u00f6rtlicher Bet\u00e4ubung durchgef\u00fchrt und erfordert Pr\u00e4zision, um nat\u00fcrlich aussehende Ergebnisse zu gew\u00e4hrleisten.<\/p>\n<h2>In welchen Bereichen wird die Antalya-Gesichtsfettunterspritzung durchgef\u00fchrt?<\/h2>\n<p>Die Gesichtsfettunterspritzung in Antalya oder die Fetttransplantation im Gesicht wird in der Regel in mehreren Schl\u00fcsselbereichen durchgef\u00fchrt, um die \u00c4sthetik des Gesichts zu verbessern und jugendliches Volumen wiederherzustellen. Zu diesen Bereichen geh\u00f6ren die Wangen, um ihnen F\u00fclle und Auftrieb zu verleihen, die Augenpartie, um Vertiefungen und dunkle Ringe zu reduzieren, die Lippen zur Vergr\u00f6\u00dferung und Definition, die Nasolabialfalten (die Linien von der Nase bis zu den Mundwinkeln) zur Korrektur tiefer Falten sowie die Kieferlinie und das Kinn zur Verbesserung der Kontur und Definition. Dar\u00fcber hinaus kann die Antalya-Fettunterspritzung zum Auff\u00fcllen von Aknenarben oder anderen Unregelm\u00e4\u00dfigkeiten verwendet werden und bietet eine vielseitigere und nat\u00fcrlicher aussehende Alternative zu synthetischen F\u00fcllern. Dieses Verfahren bietet einen ma\u00dfgeschneiderten Ansatz f\u00fcr die Gesichtsverj\u00fcngung, indem es je nach den \u00e4sthetischen Zielen und Bed\u00fcrfnissen des Einzelnen auf bestimmte Bereiche abzielt.<\/p>\n<h2>Was sind die Auswirkungen der Fettunterspritzung im Gesicht?<\/h2>\n<p>Bekannt f\u00fcr seine fortschrittlichen Kliniken f\u00fcr kosmetische Chirurgie und ein beliebtes Ziel f\u00fcr den Medizintourismus, geh\u00f6ren zu den Wirkungen der Fettunterspritzung im Gesicht in Antalya das Auff\u00fcllen von Hohlr\u00e4umen, die Gl\u00e4ttung von Falten und die Verbesserung der Gesichtskonturen f\u00fcr ein jugendlicheres Aussehen. Insbesondere der Fetttransfer unter den Augen in Antalya beseitigt Hohlr\u00e4ume und dunkle Ringe unter den Augen, indem das Volumen wiederhergestellt wird, was zu einem erfrischten und verj\u00fcngten Aussehen f\u00fchrt. Generell k\u00f6nnen Fettinjektionen die Hautstruktur und den Hautton verbessern und so zu einem nat\u00fcrlichen und subtilen Facelifting-Effekt beitragen, ohne dass eine invasive Operation erforderlich ist. Diese Behandlungen bieten lang anhaltende Ergebnisse, obwohl ein Teil des \u00fcbertragenen Fetts im Laufe der Zeit vom K\u00f6rper resorbiert werden kann. Der Erfolg des Verfahrens h\u00e4ngt weitgehend von der angewandten Technik und der individuellen Erholungsreaktion ab; viele Patienten erleben eine deutliche Verbesserung der Gesichtsf\u00fclle und eine Verringerung der Alterserscheinungen, wenn sie das Fachwissen und die hochmodernen Einrichtungen nutzen, die Antalya zu bieten hat.<\/p>\n<h2>Antalya Gesichtsfett Injektion Preise<\/h2>\n<p>Y\u00fcze ya\u011f enjeksiyonu Antalya uygulamalar\u0131nda tercih edilen \u015fehirlerden biridir. B\u00f6lgedeki klinikler ve estetik cerrahlar, bu prosed\u00fcr\u00fc uygulama konusunda y\u00fcksek tecr\u00fcbeye sahiptir. Ya\u011f enjeksiyonu fiyatlar\u0131, uygulaman\u0131n yap\u0131laca\u011f\u0131 klinik, cerrah\u0131n deneyimi ve i\u015flemin kapsam\u0131 gibi \u00e7e\u015fitli fakt\u00f6rlere ba\u011fl\u0131 olarak de\u011fi\u015fiklik g\u00f6stermektedir. Y\u00fcze ya\u011f enjeksiyonu fiyatlar\u0131 hakk\u0131nda genel bir fikir edinmek isteyen yerel hastalar\u0131n, hizmet almay\u0131 d\u00fc\u015f\u00fcnd\u00fckleri kliniklerle do\u011frudan ileti\u015fime ge\u00e7meleri ve detayl\u0131 bilgi almalar\u0131 \u00f6nem ta\u015f\u0131maktad\u0131r. Antalya&#8217;da y\u00fcz gen\u00e7le\u015ftirme ve estetik iyile\u015ftirmeler i\u00e7in ya\u011f enjeksiyonunu tercih edenler, rekabet\u00e7i fiyatlar ve y\u00fcksek kaliteli hizmetin keyfini \u00e7\u0131karabilirler. Ancak, net bir fiyat bilgisi i\u00e7in doktorunuzla birebir g\u00f6r\u00fc\u015febilirsiniz.<\/p>\n\t\t\t\t\t\t\t\t<\/div>\n\t\t\t\t<\/div>\n\t\t\t\t<div class=\"elementor-element elementor-element-e4b54ac de_scroll_animation_no elementor-widget elementor-widget-heading\" data-id=\"e4b54ac\" data-element_type=\"widget\" data-e-type=\"widget\" data-widget_type=\"heading.default\">\n\t\t\t\t<div class=\"elementor-widget-container\">\n\t\t\t\t\t<h2 class=\"elementor-heading-title elementor-size-default\">Unsere zufriedenen Kunden<\/h2>\t\t\t\t<\/div>\n\t\t\t\t<\/div>\n\t\t\t\t<div class=\"elementor-element elementor-element-27f41dfe de_scroll_animation_no elementor-widget elementor-widget-shortcode\" data-id=\"27f41dfe\" data-element_type=\"widget\" data-e-type=\"widget\" data-widget_type=\"shortcode.default\">\n\t\t\t\t<div class=\"elementor-widget-container\">\n\t\t\t\t\t\t\t<div class=\"elementor-shortcode\"><\/div>\n\t\t\t\t\t\t<\/div>\n\t\t\t\t<\/div>\n\t\t\t\t<\/div>\n\t\t<div class=\"elementor-element elementor-element-1804da4f e-con-full e-flex e-con e-child\" data-id=\"1804da4f\" data-element_type=\"container\" data-e-type=\"container\">\n\t\t<div class=\"elementor-element elementor-element-51b974bc e-flex e-con-boxed e-con e-child\" data-id=\"51b974bc\" data-element_type=\"container\" data-e-type=\"container\" data-settings=\"{&quot;background_background&quot;:&quot;classic&quot;,&quot;sticky&quot;:&quot;top&quot;,&quot;sticky_offset&quot;:150,&quot;sticky_parent&quot;:&quot;yes&quot;,&quot;sticky_on&quot;:[&quot;desktop&quot;,&quot;tablet&quot;,&quot;mobile&quot;],&quot;sticky_effects_offset&quot;:0,&quot;sticky_anchor_link_offset&quot;:0}\">\n\t\t\t\t\t<div class=\"e-con-inner\">\n\t\t\t\t<div class=\"elementor-element elementor-element-51efa265 de_scroll_animation_no elementor-widget elementor-widget-heading\" data-id=\"51efa265\" data-element_type=\"widget\" data-e-type=\"widget\" data-widget_type=\"heading.default\">\n\t\t\t\t<div class=\"elementor-widget-container\">\n\t\t\t\t\t<p class=\"elementor-heading-title elementor-size-default\">Nehmen Sie Kontakt mit uns auf<\/p>\t\t\t\t<\/div>\n\t\t\t\t<\/div>\n\t\t\t\t<div class=\"elementor-element elementor-element-c44c3d2 de_scroll_animation_no elementor-widget elementor-widget-shortcode\" data-id=\"c44c3d2\" data-element_type=\"widget\" data-e-type=\"widget\" data-widget_type=\"shortcode.default\">\n\t\t\t\t<div class=\"elementor-widget-container\">\n\t\t\t\t\t\t\t<div class=\"elementor-shortcode\">[pafe-form id=\"5468\"]<\/div>\n\t\t\t\t\t\t<\/div>\n\t\t\t\t<\/div>\n\t\t\t\t\t<\/div>\n\t\t\t\t<\/div>\n\t\t\t\t<\/div>\n\t\t\t\t\t<\/div>\n\t\t\t\t<\/div>\n\t\t<div class=\"elementor-element elementor-element-1cd24bb6 e-flex e-con-boxed e-con e-parent\" data-id=\"1cd24bb6\" data-element_type=\"container\" data-e-type=\"container\" data-settings=\"{&quot;background_background&quot;:&quot;classic&quot;}\">\n\t\t\t\t\t<div class=\"e-con-inner\">\n\t\t<div class=\"elementor-element elementor-element-2accd137 e-flex e-con-boxed e-con e-child\" data-id=\"2accd137\" data-element_type=\"container\" data-e-type=\"container\" data-settings=\"{&quot;background_background&quot;:&quot;classic&quot;}\">\n\t\t\t\t\t<div class=\"e-con-inner\">\n\t\t<div class=\"elementor-element elementor-element-13887480 e-con-full e-flex e-con e-child\" data-id=\"13887480\" data-element_type=\"container\" data-e-type=\"container\">\n\t\t\t\t<div class=\"elementor-element elementor-element-2628ad88 de_scroll_animation_no elementor-widget elementor-widget-global elementor-global-5502 elementor-global-4914 elementor-widget-heading\" data-id=\"2628ad88\" data-element_type=\"widget\" data-e-type=\"widget\" data-widget_type=\"heading.default\">\n\t\t\t\t<div class=\"elementor-widget-container\">\n\t\t\t\t\t<h2 class=\"elementor-heading-title elementor-size-default\">Kostenlose Informationen zu erhalten ist einfacher als Sie denken!<\/h2>\t\t\t\t<\/div>\n\t\t\t\t<\/div>\n\t\t\t\t<div class=\"elementor-element elementor-element-320478e5 de_scroll_animation_no elementor-widget elementor-widget-global elementor-global-5500 elementor-global-4917 elementor-widget-text-editor\" data-id=\"320478e5\" data-element_type=\"widget\" data-e-type=\"widget\" data-widget_type=\"text-editor.default\">\n\t\t\t\t<div class=\"elementor-widget-container\">\n\t\t\t\t\t\t\t\t\t<p>Wenn Sie Fragen oder Anmerkungen zum Thema Hals-, Nasen- und Ohrenheilkunde haben, z\u00f6gern Sie bitte nicht, uns zu kontaktieren. Wir werden Ihnen gerne so schnell wie m\u00f6glich antworten.<\/p>\n\t\t\t\t\t\t\t\t<\/div>\n\t\t\t\t<\/div>\n\t\t\t\t<\/div>\n\t\t<div class=\"elementor-element elementor-element-378d27d7 e-con-full e-flex e-con e-child\" data-id=\"378d27d7\" data-element_type=\"container\" data-e-type=\"container\">\n\t\t\t\t<div class=\"elementor-element elementor-element-76949210 elementor-align-center elementor-mobile-align-center de_scroll_animation_no elementor-invisible elementor-widget elementor-widget-global elementor-global-4920 elementor-widget-button\" data-id=\"76949210\" data-element_type=\"widget\" data-e-type=\"widget\" data-settings=\"{&quot;_animation&quot;:&quot;fadeIn&quot;,&quot;_animation_delay&quot;:600}\" data-widget_type=\"button.default\">\n\t\t\t\t<div class=\"elementor-widget-container\">\n\t\t\t\t\t\t\t\t\t<div class=\"elementor-button-wrapper\">\n\t\t\t\t\t<a class=\"elementor-button elementor-button-link elementor-size-lg\" href=\"https:\/\/api.whatsapp.com\/send?phone=905300914682\" target=\"_blank\" rel=\"noopener\">\n\t\t\t\t\t\t<span class=\"elementor-button-content-wrapper\">\n\t\t\t\t\t\t<span class=\"elementor-button-icon\">\n\t\t\t\t<svg aria-hidden=\"true\" class=\"e-font-icon-svg e-fab-whatsapp\" viewBox=\"0 0 448 512\" xmlns=\"http:\/\/www.w3.org\/2000\/svg\"><path d=\"M380.9 97.1C339 55.1 283.2 32 223.9 32c-122.4 0-222 99.6-222 222 0 39.1 10.2 77.3 29.6 111L0 480l117.7-30.9c32.4 17.7 68.9 27 106.1 27h.1c122.3 0 224.1-99.6 224.1-222 0-59.3-25.2-115-67.1-157zm-157 341.6c-33.2 0-65.7-8.9-94-25.7l-6.7-4-69.8 18.3L72 359.2l-4.4-7c-18.5-29.4-28.2-63.3-28.2-98.2 0-101.7 82.8-184.5 184.6-184.5 49.3 0 95.6 19.2 130.4 54.1 34.8 34.9 56.2 81.2 56.1 130.5 0 101.8-84.9 184.6-186.6 184.6zm101.2-138.2c-5.5-2.8-32.8-16.2-37.9-18-5.1-1.9-8.8-2.8-12.5 2.8-3.7 5.6-14.3 18-17.6 21.8-3.2 3.7-6.5 4.2-12 1.4-32.6-16.3-54-29.1-75.5-66-5.7-9.8 5.7-9.1 16.3-30.3 1.8-3.7.9-6.9-.5-9.7-1.4-2.8-12.5-30.1-17.1-41.2-4.5-10.8-9.1-9.3-12.5-9.5-3.2-.2-6.9-.2-10.6-.2-3.7 0-9.7 1.4-14.8 6.9-5.1 5.6-19.4 19-19.4 46.3 0 27.3 19.9 53.7 22.6 57.4 2.8 3.7 39.1 59.7 94.8 83.8 35.2 15.2 49 16.5 66.6 13.9 10.7-1.6 32.8-13.4 37.4-26.4 4.6-13 4.6-24.1 3.2-26.4-1.3-2.5-5-3.9-10.5-6.6z\"><\/path><\/svg>\t\t\t<\/span>\n\t\t\t\t\t\t\t\t\t<span class=\"elementor-button-text\">Whatsapp<\/span>\n\t\t\t\t\t<\/span>\n\t\t\t\t\t<\/a>\n\t\t\t\t<\/div>\n\t\t\t\t\t\t\t\t<\/div>\n\t\t\t\t<\/div>\n\t\t\t\t<\/div>\n\t\t\t\t\t<\/div>\n\t\t\t\t<\/div>\n\t\t\t\t\t<\/div>\n\t\t\t\t<\/div>\n\t\t\t\t<\/div>\n\t\t","protected":false},"excerpt":{"rendered":"<p>Dr. Umut Erdo\u011fan Bei wem wird die Gesichtsfettunterspritzung angewendet? Die Unterspritzung von Gesichtsfett eignet sich f\u00fcr Menschen, die ihr Gesichtsvolumen vergr\u00f6\u00dfern, Falten gl\u00e4tten oder die Gesichtskonturen auf nat\u00fcrliche Weise verbessern m\u00f6chten. In der Regel kommen Menschen in Frage, die einen nat\u00fcrlicheren Ansatz als synthetische F\u00fcllstoffe oder Implantate bevorzugen, \u00fcber ausreichende Fettdepots f\u00fcr die Entnahme verf\u00fcgen [&hellip;]<\/p>\n","protected":false},"author":1,"featured_media":0,"parent":0,"menu_order":0,"comment_status":"closed","ping_status":"closed","template":"elementor_header_footer","meta":{"footnotes":""},"class_list":["post-5663","page","type-page","status-publish","hentry"],"_links":{"self":[{"href":"https:\/\/drumuterdogan.com\/de\/wp-json\/wp\/v2\/pages\/5663","targetHints":{"allow":["GET"]}}],"collection":[{"href":"https:\/\/drumuterdogan.com\/de\/wp-json\/wp\/v2\/pages"}],"about":[{"href":"https:\/\/drumuterdogan.com\/de\/wp-json\/wp\/v2\/types\/page"}],"author":[{"embeddable":true,"href":"https:\/\/drumuterdogan.com\/de\/wp-json\/wp\/v2\/users\/1"}],"replies":[{"embeddable":true,"href":"https:\/\/drumuterdogan.com\/de\/wp-json\/wp\/v2\/comments?post=5663"}],"version-history":[{"count":0,"href":"https:\/\/drumuterdogan.com\/de\/wp-json\/wp\/v2\/pages\/5663\/revisions"}],"wp:attachment":[{"href":"https:\/\/drumuterdogan.com\/de\/wp-json\/wp\/v2\/media?parent=5663"}],"curies":[{"name":"wp","href":"https:\/\/api.w.org\/{rel}","templated":true}]}}