{"id":2425,"date":"2022-12-11T12:49:38","date_gmt":"2022-12-11T09:49:38","guid":{"rendered":"https:\/\/drumuterdogan.com\/wangen-aesthetik\/"},"modified":"2024-02-22T16:07:05","modified_gmt":"2024-02-22T13:07:05","slug":"wangen-aesthetik","status":"publish","type":"page","link":"https:\/\/drumuterdogan.com\/de\/wangen-aesthetik\/","title":{"rendered":"Wangen-\u00c4sthetik"},"content":{"rendered":"\t\t<div data-elementor-type=\"wp-page\" data-elementor-id=\"2425\" class=\"elementor elementor-2425 elementor-369\" data-elementor-post-type=\"page\">\n\t\t\t\t\t\t<section class=\"elementor-section elementor-top-section elementor-element elementor-element-42eee72d elementor-section-height-min-height elementor-section-items-bottom elementor-section-boxed elementor-section-height-default\" data-id=\"42eee72d\" data-element_type=\"section\" data-e-type=\"section\" data-settings=\"{&quot;background_background&quot;:&quot;classic&quot;}\">\n\t\t\t\t\t\t\t<div class=\"elementor-background-overlay\"><\/div>\n\t\t\t\t\t\t\t<div class=\"elementor-container elementor-column-gap-default\">\n\t\t\t\t\t<div class=\"elementor-column elementor-col-100 elementor-top-column elementor-element elementor-element-1bc9cb96\" data-id=\"1bc9cb96\" data-element_type=\"column\" data-e-type=\"column\">\n\t\t\t<div class=\"elementor-widget-wrap elementor-element-populated\">\n\t\t\t\t\t\t<div class=\"elementor-element elementor-element-7690690 de_scroll_animation_no elementor-widget elementor-widget-page-title\" data-id=\"7690690\" data-element_type=\"widget\" data-e-type=\"widget\" data-settings=\"{&quot;align&quot;:&quot;left&quot;}\" data-widget_type=\"page-title.default\">\n\t\t\t\t<div class=\"elementor-widget-container\">\n\t\t\t\t\t\t\t\n\t\t<div class=\"hfe-page-title hfe-page-title-wrapper elementor-widget-heading\">\n\n\t\t\t\t\t\t\t\t<h1 class=\"elementor-heading-title elementor-size-default\">\n\t\t\t\t\t\t\t\t\n\t\t\t\tWangen-\u00c4sthetik  \n\t\t\t<\/h1 > \n\t\t\t\t\t<\/div>\n\t\t\t\t\t\t<\/div>\n\t\t\t\t<\/div>\n\t\t\t\t\t<\/div>\n\t\t<\/div>\n\t\t\t\t\t<\/div>\n\t\t<\/section>\n\t\t<div class=\"elementor-element elementor-element-3c16abe9 e-flex e-con-boxed e-con e-parent\" data-id=\"3c16abe9\" data-element_type=\"container\" data-e-type=\"container\">\n\t\t\t\t\t<div class=\"e-con-inner\">\n\t\t<div class=\"elementor-element elementor-element-5dce9844 e-con-full e-flex e-con e-child\" data-id=\"5dce9844\" data-element_type=\"container\" data-e-type=\"container\">\n\t\t\t\t<div class=\"elementor-element elementor-element-365469ba de_scroll_animation_no elementor-widget elementor-widget-text-editor\" data-id=\"365469ba\" data-element_type=\"widget\" data-e-type=\"widget\" data-widget_type=\"text-editor.default\">\n\t\t\t\t<div class=\"elementor-widget-container\">\n\t\t\t\t\t\t\t\t\t<p>Die Wangen\u00e4sthetik (Bichektomie) ist eine der trendigsten Wangen\u00e4sthetik-Anwendungen der letzten Zeit. Dank dieser Anwendung, die auch als Hollywood-Wange bezeichnet wird, wird das gew\u00fcnschte Aussehen der Wangen erreicht. Dar\u00fcber hinaus bietet die Bildung einer dreieckigen Gesichtsstruktur nach dem Eingriff ein \u00e4sthetisch sch\u00f6nes Erscheinungsbild. Die Wangenstruktur, die bei Frauen zu mangelndem Selbstvertrauen f\u00fchrt, kann nach den im Gesichtsbereich durchzuf\u00fchrenden Untersuchungen mit der Bichektomie korrigiert werden. Es sei darauf hingewiesen, dass dieses Verfahren, das keine Nebenwirkungen hat, eine maximale Effizienz aufweist.<\/p>\n<h2>Warum sollte die Antalya-Bichektomie (Wangen\u00e4sthetik) bevorzugt werden?<\/h2>\n<p>Die Bichektomie (Wangen\u00e4sthetik) ist eine bevorzugte Operation zur Beseitigung von Fettansammlungen im Gesichtsbereich bei Frauen, die zu- und abnehmen. Es ist bekannt, dass die Fettansammlungen, die sich vor allem im Wangenbereich bilden, eine Disproportionierung des Gesichts verursachen. Es ist auch bekannt, dass das Fett im Gesicht auch bei einer Gewichtsabnahme nicht schmilzt. Daher kann durch die Entfernung von Fett an den Wangen ein pr\u00e4chtiges Aussehen erreicht werden.<\/p>\n<h2>Wie wird die Wangen\u00e4sthetik (Bichektomie) in Antalya durchgef\u00fchrt?<\/h2>\n<p>Die Patienten sollten vor der Wangen\u00e4sthetik keine blutverd\u00fcnnenden Lebensmittel und Medikamente einnehmen. Insbesondere Aspirin sollte bis 10 Tage vorher nicht eingenommen werden. In solchen F\u00e4llen sollte bekannt sein, dass der Eingriff nicht durchgef\u00fchrt werden kann. Nachdem die notwendigen Kontrollma\u00dfnahmen durchgef\u00fchrt wurden, wird ein Schnitt durch den Mund gesetzt. Au\u00dferdem wird der Eingriff unter lokaler An\u00e4sthesie durchgef\u00fchrt. Nachdem die Wange durch den Mund erreicht wurde, beginnt im Gegensatz zur Fettunterspritzung die Entfernung des \u00fcbersch\u00fcssigen Fetts. Nachdem das Fett entfernt wurde, wird der Schnitt geschlossen und gen\u00e4ht. Die Schnittnarbe im Mundbereich verschwindet innerhalb von 1 Woche.<\/p>\n<p>Die Bichektomie (Wangen\u00e4sthetik) ist eine schmerzfreie Anwendung. Sie kann unter Vollnarkose, Sedierung oder lokaler An\u00e4sthesie durchgef\u00fchrt werden. Die Operation ist nach der Analyse des Fettgewebes und der Untersuchung der Wangenstruktur in kurzer Zeit abgeschlossen. Da durch den Eingriff ein H\u00f6chstma\u00df an Effizienz erzielt wird, k\u00f6nnen die Patienten in kurzer Zeit das gew\u00fcnschte Aussehen der Wangen erreichen.<\/p>\n<p><img fetchpriority=\"high\" decoding=\"async\" src=\"https:\/\/drumuterdogan.com\/wp-content\/uploads\/2022\/12\/high-angle-doctor-drawing-with-marker.jpg\" alt=\"\" width=\"1000\" height=\"572\" title=\"\"><\/p>\n<h2>Was ist nach der Wangen\u00e4sthetik zu beachten?<\/h2>\n<p>Nach der Bichektomie, auch bekannt als Wangenverkleinerungsoperation, sollten die Empfehlungen des Arztes befolgt werden. Dabei k\u00f6nnen w\u00e4hrend der Mundpflege die vom Arzt verschriebenen Medikamente eingenommen werden. Dar\u00fcber hinaus ist die Mundpflege eine der wichtigsten Situationen. Um eine Infektion des Mundraums zu verhindern, sollte dieser t\u00e4glich gereinigt und das Risiko einer Infektion ausgeschlossen werden. Nach der Bichektomie k\u00f6nnen die Patienten wieder in ihr t\u00e4gliches Leben zur\u00fcckkehren. Da jedoch F\u00e4den im Mund verbleiben, ist beim Essen und Trinken Vorsicht geboten. Es gen\u00fcgt, die erste Woche zu beachten, da die F\u00e4den innerhalb von einer Woche nach dem Schnitt abfallen werden.<\/p>\n<h2>Erholungsprozess nach der Wangen\u00e4sthetik in Antalya<\/h2>\n<p>Es ist zu beachten, dass ein Patient, der sich an die Empfehlungen des Arztes h\u00e4lt, ab der ersten Woche in den Heilungsprozess einbezogen wird. Die Naht sollte in den ersten 7 Tagen nicht entfernt werden, da dies das Risiko von Blutungen und Infektionen erh\u00f6ht. Au\u00dferdem ben\u00f6tigen Sie 1 Monat, um das volle Ergebnis zu erzielen. Nach dem 30. Tag nimmt der Gesichtsbereich seine neue Form nach der Regel des Goldenen Schnitts an.<\/p>\n<h2 class=\"section-title bdevs-el-title\">Vorteile der Wangen\u00e4sthetik in Antalya<\/h2>\n<p>Die \u00c4sthetik der Wangenfettentfernung bietet den Patienten viele Vorteile. Der erste ist, dass sich die Schnittnarbe in kurzer Zeit schlie\u00dft. Au\u00dferdem wird nach dem Eingriff ein proportionales Gesichtsaussehen erreicht. Da die Gesichtskonturen ausreichend ausgepr\u00e4gt sind, ist es m\u00f6glich, ein wesentlich \u00e4sthetischeres Gesicht zu haben. Diese Vorteile beseitigen auch das mangelnde Selbstvertrauen der Betroffenen.<\/p>\n<p>Da die Ergebnisse der Bichektomie (Wangen\u00e4sthetik) in kurzer Zeit ihre Wirkung zeigen, ist sie zu einer der modernen \u00e4sthetischen Operationen geworden. Als wichtigster Vorteil gilt nat\u00fcrlich auch die Schmerzfreiheit.<\/p>\n<h2>Ern\u00e4hrung nach Bichektomie<\/h2>\n<p>In den ersten 3 Tagen nach der \u00e4sthetischen Operation sollte auf eine Fl\u00fcssigkeitszufuhr geachtet werden. Damit sich die Blutwerte des Patienten wieder normalisieren, k\u00f6nnen die vom Arzt empfohlenen Nahrungsmittel mit Fl\u00fcssigkeit eingenommen werden. S\u00e4urehaltige Getr\u00e4nke und feste Nahrung sollten jedoch vermieden werden. Die Einschnittstelle wird durch solche Ern\u00e4hrungsformen gesch\u00e4digt und verursacht Infektionen. Ab dem 7. Tag nach der \u00e4sthetischen Wangenoperation kann weiche Nahrung zugef\u00fchrt werden. Nahrungsmittel wie Nudeln, Eier und Suppen decken den Mineralienbedarf der Patienten. Schlie\u00dflich sollte nicht vergessen werden, dass ein gesundes Ern\u00e4hrungsprogramm den Heilungsprozess beschleunigt.<\/p>\n\t\t\t\t\t\t\t\t<\/div>\n\t\t\t\t<\/div>\n\t\t\t\t<div class=\"elementor-element elementor-element-e4b54ac de_scroll_animation_no elementor-widget elementor-widget-heading\" data-id=\"e4b54ac\" data-element_type=\"widget\" data-e-type=\"widget\" data-widget_type=\"heading.default\">\n\t\t\t\t<div class=\"elementor-widget-container\">\n\t\t\t\t\t<h2 class=\"elementor-heading-title elementor-size-default\">Unsere zufriedenen Kunden<\/h2>\t\t\t\t<\/div>\n\t\t\t\t<\/div>\n\t\t\t\t<div class=\"elementor-element elementor-element-27f41dfe de_scroll_animation_no elementor-widget elementor-widget-shortcode\" data-id=\"27f41dfe\" data-element_type=\"widget\" data-e-type=\"widget\" data-widget_type=\"shortcode.default\">\n\t\t\t\t<div class=\"elementor-widget-container\">\n\t\t\t\t\t\t\t<div class=\"elementor-shortcode\"><\/div>\n\t\t\t\t\t\t<\/div>\n\t\t\t\t<\/div>\n\t\t\t\t<\/div>\n\t\t<div class=\"elementor-element elementor-element-1804da4f e-con-full e-flex e-con e-child\" data-id=\"1804da4f\" data-element_type=\"container\" data-e-type=\"container\">\n\t\t<div class=\"elementor-element elementor-element-51b974bc e-flex e-con-boxed e-con e-child\" data-id=\"51b974bc\" data-element_type=\"container\" data-e-type=\"container\" data-settings=\"{&quot;background_background&quot;:&quot;classic&quot;,&quot;sticky&quot;:&quot;top&quot;,&quot;sticky_offset&quot;:150,&quot;sticky_parent&quot;:&quot;yes&quot;,&quot;sticky_on&quot;:[&quot;desktop&quot;,&quot;tablet&quot;,&quot;mobile&quot;],&quot;sticky_effects_offset&quot;:0,&quot;sticky_anchor_link_offset&quot;:0}\">\n\t\t\t\t\t<div class=\"e-con-inner\">\n\t\t\t\t<div class=\"elementor-element elementor-element-51efa265 de_scroll_animation_no elementor-widget elementor-widget-heading\" data-id=\"51efa265\" data-element_type=\"widget\" data-e-type=\"widget\" data-widget_type=\"heading.default\">\n\t\t\t\t<div class=\"elementor-widget-container\">\n\t\t\t\t\t<p class=\"elementor-heading-title elementor-size-default\">Nehmen Sie Kontakt mit uns auf<\/p>\t\t\t\t<\/div>\n\t\t\t\t<\/div>\n\t\t\t\t<div class=\"elementor-element elementor-element-c44c3d2 de_scroll_animation_no elementor-widget elementor-widget-shortcode\" data-id=\"c44c3d2\" data-element_type=\"widget\" data-e-type=\"widget\" data-widget_type=\"shortcode.default\">\n\t\t\t\t<div class=\"elementor-widget-container\">\n\t\t\t\t\t\t\t<div class=\"elementor-shortcode\">[pafe-form id=\"5468\"]<\/div>\n\t\t\t\t\t\t<\/div>\n\t\t\t\t<\/div>\n\t\t\t\t\t<\/div>\n\t\t\t\t<\/div>\n\t\t\t\t<\/div>\n\t\t\t\t\t<\/div>\n\t\t\t\t<\/div>\n\t\t<div class=\"elementor-element elementor-element-1cd24bb6 e-flex e-con-boxed e-con e-parent\" data-id=\"1cd24bb6\" data-element_type=\"container\" data-e-type=\"container\" data-settings=\"{&quot;background_background&quot;:&quot;classic&quot;}\">\n\t\t\t\t\t<div class=\"e-con-inner\">\n\t\t<div class=\"elementor-element elementor-element-2accd137 e-flex e-con-boxed e-con e-child\" data-id=\"2accd137\" data-element_type=\"container\" data-e-type=\"container\" data-settings=\"{&quot;background_background&quot;:&quot;classic&quot;}\">\n\t\t\t\t\t<div class=\"e-con-inner\">\n\t\t<div class=\"elementor-element elementor-element-13887480 e-con-full e-flex e-con e-child\" data-id=\"13887480\" data-element_type=\"container\" data-e-type=\"container\">\n\t\t\t\t<div class=\"elementor-element elementor-element-2628ad88 de_scroll_animation_no elementor-widget elementor-widget-global elementor-global-5502 elementor-global-4914 elementor-widget-heading\" data-id=\"2628ad88\" data-element_type=\"widget\" data-e-type=\"widget\" data-widget_type=\"heading.default\">\n\t\t\t\t<div class=\"elementor-widget-container\">\n\t\t\t\t\t<h2 class=\"elementor-heading-title elementor-size-default\">Kostenlose Informationen zu erhalten ist einfacher als Sie denken!<\/h2>\t\t\t\t<\/div>\n\t\t\t\t<\/div>\n\t\t\t\t<div class=\"elementor-element elementor-element-320478e5 de_scroll_animation_no elementor-widget elementor-widget-global elementor-global-5500 elementor-global-4917 elementor-widget-text-editor\" data-id=\"320478e5\" data-element_type=\"widget\" data-e-type=\"widget\" data-widget_type=\"text-editor.default\">\n\t\t\t\t<div class=\"elementor-widget-container\">\n\t\t\t\t\t\t\t\t\t<p>Wenn Sie Fragen oder Anmerkungen zum Thema Hals-, Nasen- und Ohrenheilkunde haben, z\u00f6gern Sie bitte nicht, uns zu kontaktieren. Wir werden Ihnen gerne so schnell wie m\u00f6glich antworten.<\/p>\n\t\t\t\t\t\t\t\t<\/div>\n\t\t\t\t<\/div>\n\t\t\t\t<\/div>\n\t\t<div class=\"elementor-element elementor-element-378d27d7 e-con-full e-flex e-con e-child\" data-id=\"378d27d7\" data-element_type=\"container\" data-e-type=\"container\">\n\t\t\t\t<div class=\"elementor-element elementor-element-76949210 elementor-align-center elementor-mobile-align-center de_scroll_animation_no elementor-invisible elementor-widget elementor-widget-global elementor-global-4920 elementor-widget-button\" data-id=\"76949210\" data-element_type=\"widget\" data-e-type=\"widget\" data-settings=\"{&quot;_animation&quot;:&quot;fadeIn&quot;,&quot;_animation_delay&quot;:600}\" data-widget_type=\"button.default\">\n\t\t\t\t<div class=\"elementor-widget-container\">\n\t\t\t\t\t\t\t\t\t<div class=\"elementor-button-wrapper\">\n\t\t\t\t\t<a class=\"elementor-button elementor-button-link elementor-size-lg\" href=\"https:\/\/api.whatsapp.com\/send?phone=905300914682\" target=\"_blank\" rel=\"noopener\">\n\t\t\t\t\t\t<span class=\"elementor-button-content-wrapper\">\n\t\t\t\t\t\t<span class=\"elementor-button-icon\">\n\t\t\t\t<svg aria-hidden=\"true\" class=\"e-font-icon-svg e-fab-whatsapp\" viewBox=\"0 0 448 512\" xmlns=\"http:\/\/www.w3.org\/2000\/svg\"><path d=\"M380.9 97.1C339 55.1 283.2 32 223.9 32c-122.4 0-222 99.6-222 222 0 39.1 10.2 77.3 29.6 111L0 480l117.7-30.9c32.4 17.7 68.9 27 106.1 27h.1c122.3 0 224.1-99.6 224.1-222 0-59.3-25.2-115-67.1-157zm-157 341.6c-33.2 0-65.7-8.9-94-25.7l-6.7-4-69.8 18.3L72 359.2l-4.4-7c-18.5-29.4-28.2-63.3-28.2-98.2 0-101.7 82.8-184.5 184.6-184.5 49.3 0 95.6 19.2 130.4 54.1 34.8 34.9 56.2 81.2 56.1 130.5 0 101.8-84.9 184.6-186.6 184.6zm101.2-138.2c-5.5-2.8-32.8-16.2-37.9-18-5.1-1.9-8.8-2.8-12.5 2.8-3.7 5.6-14.3 18-17.6 21.8-3.2 3.7-6.5 4.2-12 1.4-32.6-16.3-54-29.1-75.5-66-5.7-9.8 5.7-9.1 16.3-30.3 1.8-3.7.9-6.9-.5-9.7-1.4-2.8-12.5-30.1-17.1-41.2-4.5-10.8-9.1-9.3-12.5-9.5-3.2-.2-6.9-.2-10.6-.2-3.7 0-9.7 1.4-14.8 6.9-5.1 5.6-19.4 19-19.4 46.3 0 27.3 19.9 53.7 22.6 57.4 2.8 3.7 39.1 59.7 94.8 83.8 35.2 15.2 49 16.5 66.6 13.9 10.7-1.6 32.8-13.4 37.4-26.4 4.6-13 4.6-24.1 3.2-26.4-1.3-2.5-5-3.9-10.5-6.6z\"><\/path><\/svg>\t\t\t<\/span>\n\t\t\t\t\t\t\t\t\t<span class=\"elementor-button-text\">Whatsapp<\/span>\n\t\t\t\t\t<\/span>\n\t\t\t\t\t<\/a>\n\t\t\t\t<\/div>\n\t\t\t\t\t\t\t\t<\/div>\n\t\t\t\t<\/div>\n\t\t\t\t<\/div>\n\t\t\t\t\t<\/div>\n\t\t\t\t<\/div>\n\t\t\t\t\t<\/div>\n\t\t\t\t<\/div>\n\t\t\t\t<\/div>\n\t\t","protected":false},"excerpt":{"rendered":"<p>Dr. Umut Erdo\u011fan Die Wangen\u00e4sthetik (Bichektomie) ist eine der trendigsten Wangen\u00e4sthetik-Anwendungen der letzten Zeit. Dank dieser Anwendung, die auch als Hollywood-Wange bezeichnet wird, wird das gew\u00fcnschte Aussehen der Wangen erreicht. Dar\u00fcber hinaus bietet die Bildung einer dreieckigen Gesichtsstruktur nach dem Eingriff ein \u00e4sthetisch sch\u00f6nes Erscheinungsbild. Die Wangenstruktur, die bei Frauen zu mangelndem Selbstvertrauen f\u00fchrt, kann [&hellip;]<\/p>\n","protected":false},"author":1,"featured_media":0,"parent":0,"menu_order":0,"comment_status":"closed","ping_status":"closed","template":"elementor_header_footer","meta":{"footnotes":""},"class_list":["post-2425","page","type-page","status-publish","hentry"],"_links":{"self":[{"href":"https:\/\/drumuterdogan.com\/de\/wp-json\/wp\/v2\/pages\/2425","targetHints":{"allow":["GET"]}}],"collection":[{"href":"https:\/\/drumuterdogan.com\/de\/wp-json\/wp\/v2\/pages"}],"about":[{"href":"https:\/\/drumuterdogan.com\/de\/wp-json\/wp\/v2\/types\/page"}],"author":[{"embeddable":true,"href":"https:\/\/drumuterdogan.com\/de\/wp-json\/wp\/v2\/users\/1"}],"replies":[{"embeddable":true,"href":"https:\/\/drumuterdogan.com\/de\/wp-json\/wp\/v2\/comments?post=2425"}],"version-history":[{"count":0,"href":"https:\/\/drumuterdogan.com\/de\/wp-json\/wp\/v2\/pages\/2425\/revisions"}],"wp:attachment":[{"href":"https:\/\/drumuterdogan.com\/de\/wp-json\/wp\/v2\/media?parent=2425"}],"curies":[{"name":"wp","href":"https:\/\/api.w.org\/{rel}","templated":true}]}}